{"id":195,"date":"2024-05-03T05:57:08","date_gmt":"2024-05-03T07:57:08","guid":{"rendered":"https:\/\/aleksandrkoltsin23.thkit.ee\/wp\/?page_id=195"},"modified":"2024-05-03T06:24:15","modified_gmt":"2024-05-03T08:24:15","slug":"sonastik","status":"publish","type":"page","link":"https:\/\/aleksandrkoltsin23.thkit.ee\/wp\/sonastik\/","title":{"rendered":"s\u00f5nastik"},"content":{"rendered":"\n<h1>Vene-eesti veebi S\u00f5nade kontroll<\/h1>\n<hr>\n\n<table>\n    <tr>\n        <td>\n            <input type=\"button\" value=\"Random vene s\u00f5na\" class=\"button\" onclick=\"RandomVeneSyna()\">\n        <\/td>\n        <td>\n            <div id=\"random-syna\"><\/div>\n        <\/td>\n    <\/tr>\n    <tr>\n        <td>\n            <label for=\"eestiSyna\">Sista eesti keelne t\u00f5lge<\/label>\n        <\/td>\n        <td>\n            <input type=\"text\" id=\"eestiSyna\" name=\"eestiSyna\" oninput=\"TekstKastiKontroll()\">\n            <div id=\"vastus\"><\/div>\n        <\/td>\n    <\/tr>\n    <tr>\n        <td>\n            <label for=\"ingliseSyna\">Sista inglise keelne t\u00f5lge<\/label>\n        <\/td>\n        <td>\n            <input type=\"text\" id=\"ingliseSyna\" name=\"ingliseSyna\" oninput=\"engTekstKastiKontroll()\">\n            <div id=\"vastus2\"><\/div>\n        <\/td>\n    <\/tr>\n<\/table>\n\n\n<table>\n    <tr>\n        <td>\n            <input type=\"button\" value=\"Random inglise s\u00f5na\" class=\"button\" onclick=\"RandomIngliseSyna()\">\n        <\/td>\n        <td>\n            <div id=\"random-syna2\"><\/div>\n        <\/td>\n    <\/tr>\n    <tr>\n        <td>\n            <label for=\"eestiSyna2\">Sista eesti keel t\u00f5lge<\/label>\n        <\/td>\n        <td>\n            <input type=\"text\" id=\"eestiSyna2\" name=\"eestiSyna2\" oninput=\"etTekstKastiKontroll()\">\n            <div id=\"vastus3\"><\/div>\n        <\/td>\n    <\/tr>\n    <tr>\n        <td>\n            <label for=\"ingliseSyna\">Sista vene keelne t\u00f5lge<\/label>\n        <\/td>\n        <td>\n            <input type=\"text\" id=\"veneSyna\" name=\"veneSyna\" oninput=\"veneTekstKastiKontroll()\">\n            <div id=\"vastus4\"><\/div>\n        <\/td>\n    <\/tr>\n<\/table>\n\n<br>\n<h2>S\u00f5nad<\/h2>\nveebileht &#8211; \u0432\u0435\u0431-\u0441\u0442\u0440\u0430\u043d\u0438\u0446\u0430 &#8211; website\n<br>\nheader &#8211; p\u00e4is &#8211; \u0448\u0430\u043f\u043a\u0430\n<br>\nfooter -jalus &#8211; \u043f\u043e\u0434\u0432\u0430\u043b\n<br>\nmain &#8211; sisu &#8211; \u0441\u043e\u0434\u0435\u0440\u0436\u0438\u043c\u043e\u0435\n<br>\nsection &#8211; \u0440\u0430\u0437\u0434\u0435\u043b &#8211; section\n<br>\nlaadi alla &#8211; \u0441\u043a\u0430\u0447\u0430\u0439 &#8211; download\n<br>\nlaadi \u00fcles &#8211; \u0437\u0430\u043a\u0430\u0447\u0430\u0439 &#8211; upload\n<br>\nlohista &#8211; \u043f\u0435\u0440\u0435\u0442\u0430\u0449\u0438 &#8211; drag\n<br>\ntee lahti &#8211; \u043e\u0442\u043a\u0440\u043e\u0439 &#8211; open up\n<br>\npane k\u00e4ima -\u0437\u0430\u043f\u0443\u0441\u0442\u0438 &#8211; turn it on\n<br>\ntarkvara &#8211; \u043f\u0440\u043e\u0433\u0440\u0430\u043c\u043d\u043e\u0435 \u043e\u0431\u0435\u0441\u043f\u0435\u0447\u0435\u043d\u0438\u0435 &#8211; software\n<br>\nloetelu &#8211; \u0441\u043f\u0438\u0441\u043e\u043a &#8211; list\n<br>\nnumerdatud &#8211; \u043f\u0440\u043e\u043d\u0443\u043c\u0435\u0440\u043e\u0432\u0430\u043d\u043d\u044b\u0439 &#8211; numbered\n<br>\nt\u00e4ppitud &#8211; \u043c\u0430\u0440\u043a\u0438\u0440\u043e\u0432\u0430\u043d\u043d\u044b\u0439 &#8211; spotted\n<br>\nstillileht &#8211; \u0441\u0442\u0438\u043b\u0435\u0432\u043e\u0439 \u043b\u0438\u0441\u0442(css) &#8211; style sheet\n<br>\npealkiri &#8211; \u0437\u0430\u0433\u043e\u043b\u043e\u0432\u043e\u043a &#8211; title\n<br>\nkommentaar &#8211; \u043a\u043e\u043c\u043c\u0435\u043d\u0442\u0430\u0440\u0438\u0439 &#8211; comment\n<br>\nl\u00f5ik &#8211; \u0430\u0431\u0437\u0430\u0446 &#8211; paragraph\n<br>\nh\u00fcperlink &#8211; \u0433\u0438\u043f\u0435\u0440\u0441\u0441\u044b\u043b\u043a\u0430 &#8211; hyperlink\n<br>\nh\u00fcpertekst &#8211; \u0433\u0438\u043f\u0435\u0440\u0442\u0435\u043a\u0441\u0442 &#8211; hypertekst\n<br>\nhtml\n<br>\njavascript\n<br>\ncss\n<br>\nprogrammeerimine &#8211; \u043f\u0440\u043e\u0433\u0440\u0430\u043c\u0438\u0440\u043e\u0432\u0430\u043d\u0438\u0435 &#8211; programming\n<br>\nkood &#8211; \u043a\u043e\u0434 &#8211; code\n\n\n\n\n<style>\ntable, th, td {\n    border: 1px solid black;\n    border-collapse: collapse;\n    padding:  5px;\n    width: 25%;\n    height: 10px;\n}\n\ntr:nth-child(odd){\n    background-color: #8F9AA5;\n}\n\n.button {\n    background-color: blue;\n    border: none;\n    color: white;\n    padding: 10px 22px;\n    text-align: center;\n    text-decoration: none;\n    display: inline-block;\n    font-size: 16px;\n}\n<\/style>\n\n\n\n<script>\nconst veneSynad =[\n    '\u0432\u0435\u0431-\u0441\u0442\u0440\u0430\u043d\u0438\u0446\u0430',\n    '\u0448\u0430\u043f\u043a\u0430',\n    '\u043f\u043e\u0434\u0432\u0430\u043b',\n    '\u0441\u043e\u0434\u0435\u0440\u0436\u0438\u043c\u043e\u0435',\n    '\u0440\u0430\u0437\u0434\u0435\u043b',\n    '\u0441\u043a\u0430\u0447\u0430\u0439',\n    '\u0437\u0430\u043a\u0430\u0447\u0430\u0439',\n    '\u043f\u0435\u0440\u0435\u0442\u0430\u0449\u0438',\n    '\u043e\u0442\u043a\u0440\u043e\u0439',\n    '\u0437\u0430\u043f\u0443\u0441\u0442\u0438',\n    '\u043f\u0440\u043e\u0433\u0440\u0430\u043c\u043d\u043e\u0435 \u043e\u0431\u0435\u0441\u043f\u0435\u0447\u0435\u043d\u0438\u0435',\n    '\u0441\u043f\u0438\u0441\u043e\u043a',\n    '\u043c\u0430\u0440\u043a\u0438\u0440\u043e\u0432\u0430\u043d\u043d\u044b\u0439',\n    '\u043f\u0440\u043e\u043d\u0443\u043c\u0435\u0440\u043e\u0432\u0430\u043d\u043d\u044b\u0439',\n    '\u0441\u0442\u0438\u043b\u0435\u0432\u043e\u0439 \u043b\u0438\u0441\u0442',\n    '\u0437\u0430\u0433\u043e\u043b\u043e\u0432\u043e\u043a',\n    '\u043a\u043e\u043c\u043c\u0435\u043d\u0442\u0430\u0440\u0438\u0439',\n    '\u0430\u0431\u0437\u0430\u0446',\n    '\u0433\u0438\u043f\u0435\u0440\u0441\u0441\u044b\u043b\u043a\u0430',\n    '\u0433\u0438\u043f\u0435\u0440\u0442\u0435\u043a\u0441\u0442',\n    'html',\n    'javascript',\n    'css',\n    '\u043f\u0440\u043e\u0433\u0440\u0430\u043c\u0438\u0440\u043e\u0432\u0430\u043d\u0438\u0435',\n    '\u043a\u043e\u0434'\n]\n\/*masive eesti s\u00f5nas esimene s\u00f5na on 0 index 0,1,2,3,4...*\/\nconst eestisynad =[\n    'veebileht',\n    'p\u00e4is \/ header',\n    'jalus \/ footer',\n    'sisu \/ main',\n    'section',\n    'laadi alla',\n    'laadi \u00fcles',\n    'lohista',\n    'tee lahti',\n    'pane k\u00e4ima',\n    'tarkvaru',\n    'loetelu',\n    'numerdatud',\n    't\u00e4ppinud',\n    'stillileht',\n    'pealkiri',\n    'kommentaar',\n    'l\u00f5ik',\n    'h\u00fcperlink',\n    'h\u00fcpertekst',\n    'html',\n    'javascript',\n    'css',\n    'programmeerimine',\n    'kood'\n]\nconst ingliseSynad =[\n    'website',\n    'header',\n    'footer',\n    'main',\n    'section',\n    'download',\n    'upload',\n    'drag',\n    'open up',\n    'turn it on',\n    'software',\n    'list',\n    'numbered',\n    'spotted',\n    'style sheet',\n    'title',\n    'comment',\n    'paragraph',\n    'hyperlink',\n    'hypertext',\n    'html',\n    'javascript',\n    'css',\n    'programming',\n    'code'\n]\n\nfunction RandomVeneSyna() {\n    \/\/Math.random\n    \/\/math.floor v\u00f5tab t\u00e4is arv \"\u0447\u0435\u0442\u043d\u043e\u0435 \u0447\u0438\u0441\u043b\u043e\"\n    \/\/ lenght -pikkus\n    veneSynaIndex=Math.floor(Math.random()*veneSynad.length);\n\n    \/\/n\u00e4itame veebilehel\n    document.getElementById(\"random-syna\").innerHTML = veneSynad[veneSynaIndex];\n}\n\nfunction TekstKastiKontroll(){\n    \/\/ trim() - kustutab t\u00fchkid \u0443\u0434\u0430\u0434\u0438\u0442\u044c \u0432\u0441\u0435 \u043f\u0440\u043e\u0431\u0435\u043b\u044b \u0432 \u043d\u0430\u0447\u0430\u043b\u0435\n    \/\/toLowerCase() - v\u00e4ikesed t\u00e4hed \u0432\u0441\u0451 \u043c\u0430\u043b\u0435\u043d\u044c\u043a\u0438\u043c\u0438 \u0431\u0443\u043a\u0432\u0430\u043c\u0438\n    let eestiSyna=document.getElementById('eestiSyna').value.trim().toLowerCase();\n\n    if (eestiSyna===eestisynad[veneSynaIndex]){\n        document.getElementById(\"vastus\").innerHTML=\"\u00d5ige\";\n        document.getElementById(\"vastus\").style.color=\"green\";\n    } else {\n        document.getElementById(\"vastus\").innerHTML=\"vale\";\n        document.getElementById(\"vastus\").style.color=\"red\";\n    }\n}\n\nfunction engTekstKastiKontroll(){\n    let ingliseSyna=document.getElementById('ingliseSyna').value.trim().toLowerCase();\n\n    if (ingliseSyna===ingliseSynad[veneSynaIndex]){\n        document.getElementById(\"vastus2\").innerHTML=\"\u00d5ige\";\n        document.getElementById(\"vastus2\").style.color=\"green\";\n    } else {\n        document.getElementById(\"vastus2\").innerHTML=\"vale\";\n        document.getElementById(\"vastus2\").style.color=\"red\";\n    }\n}\n\nfunction RandomIngliseSyna() {\n    \/\/Math.random\n    \/\/math.floor v\u00f5tab t\u00e4is arv \"\u0447\u0435\u0442\u043d\u043e\u0435 \u0447\u0438\u0441\u043b\u043e\"\n    \/\/ lenght -pikkus\n    ingliseSynaIndex=Math.floor(Math.random()*ingliseSynad.length);\n\n    \/\/n\u00e4itame veebilehel\n    document.getElementById(\"random-syna2\").innerHTML = ingliseSynad[ingliseSynaIndex];\n}\n\nfunction etTekstKastiKontroll(){\n    \/\/ trim() - kustutab t\u00fchkid \u0443\u0434\u0430\u0434\u0438\u0442\u044c \u0432\u0441\u0435 \u043f\u0440\u043e\u0431\u0435\u043b\u044b \u0432 \u043d\u0430\u0447\u0430\u043b\u0435\n    \/\/toLowerCase() - v\u00e4ikesed t\u00e4hed \u0432\u0441\u0451 \u043c\u0430\u043b\u0435\u043d\u044c\u043a\u0438\u043c\u0438 \u0431\u0443\u043a\u0432\u0430\u043c\u0438\n    let eestiSyna2=document.getElementById('eestiSyna2').value.trim().toLowerCase();\n\n    if (eestiSyna2===eestisynad[ingliseSynaIndex]){\n        document.getElementById(\"vastus3\").innerHTML=\"\u00d5ige\";\n        document.getElementById(\"vastus3\").style.color=\"green\";\n    } else {\n        document.getElementById(\"vastus3\").innerHTML=\"vale\";\n        document.getElementById(\"vastus3\").style.color=\"red\";\n    }\n}\n\nfunction veneTekstKastiKontroll(){\n    let veneSyna=document.getElementById('veneSyna').value.trim().toLowerCase();\n\n    if (veneSyna===veneSynad[ingliseSynaIndex]){\n        document.getElementById(\"vastus4\").innerHTML=\"\u00d5ige\";\n        document.getElementById(\"vastus4\").style.color=\"green\";\n    } else {\n        document.getElementById(\"vastus4\").innerHTML=\"vale\";\n        document.getElementById(\"vastus4\").style.color=\"red\";\n    }\n}\n<\/script>\n","protected":false},"excerpt":{"rendered":"<p>Vene-eesti veebi S\u00f5nade kontroll Sista eesti keelne t\u00f5lge Sista inglise keelne t\u00f5lge Sista eesti keel t\u00f5lge Sista vene keelne t\u00f5lge S\u00f5nad veebileht &#8211; \u0432\u0435\u0431-\u0441\u0442\u0440\u0430\u043d\u0438\u0446\u0430 &#8211; website header &#8211; p\u00e4is &#8211; \u0448\u0430\u043f\u043a\u0430 footer -jalus &#8211; \u043f\u043e\u0434\u0432\u0430\u043b main &#8211; sisu &#8211; \u0441\u043e\u0434\u0435\u0440\u0436\u0438\u043c\u043e\u0435 section &#8211; \u0440\u0430\u0437\u0434\u0435\u043b &#8211; section laadi alla &#8211; \u0441\u043a\u0430\u0447\u0430\u0439 &#8211; download laadi \u00fcles &#8211; \u0437\u0430\u043a\u0430\u0447\u0430\u0439 [&hellip;]<\/p>\n","protected":false},"author":1,"featured_media":0,"parent":0,"menu_order":0,"comment_status":"closed","ping_status":"closed","template":"","meta":{"footnotes":""},"class_list":["post-195","page","type-page","status-publish","hentry"],"_links":{"self":[{"href":"https:\/\/aleksandrkoltsin23.thkit.ee\/wp\/wp-json\/wp\/v2\/pages\/195","targetHints":{"allow":["GET"]}}],"collection":[{"href":"https:\/\/aleksandrkoltsin23.thkit.ee\/wp\/wp-json\/wp\/v2\/pages"}],"about":[{"href":"https:\/\/aleksandrkoltsin23.thkit.ee\/wp\/wp-json\/wp\/v2\/types\/page"}],"author":[{"embeddable":true,"href":"https:\/\/aleksandrkoltsin23.thkit.ee\/wp\/wp-json\/wp\/v2\/users\/1"}],"replies":[{"embeddable":true,"href":"https:\/\/aleksandrkoltsin23.thkit.ee\/wp\/wp-json\/wp\/v2\/comments?post=195"}],"version-history":[{"count":14,"href":"https:\/\/aleksandrkoltsin23.thkit.ee\/wp\/wp-json\/wp\/v2\/pages\/195\/revisions"}],"predecessor-version":[{"id":215,"href":"https:\/\/aleksandrkoltsin23.thkit.ee\/wp\/wp-json\/wp\/v2\/pages\/195\/revisions\/215"}],"wp:attachment":[{"href":"https:\/\/aleksandrkoltsin23.thkit.ee\/wp\/wp-json\/wp\/v2\/media?parent=195"}],"curies":[{"name":"wp","href":"https:\/\/api.w.org\/{rel}","templated":true}]}}